{"id":2238,"date":"2026-04-06T20:04:07","date_gmt":"2026-04-06T20:04:07","guid":{"rendered":"https:\/\/alkosafe.com\/product\/alkosafe\/"},"modified":"2026-04-06T20:04:07","modified_gmt":"2026-04-06T20:04:07","slug":"alkosafe","status":"publish","type":"product","link":"https:\/\/alkosafe.com\/tr\/urun\/alkosafe\/","title":{"rendered":"AlkoSafe"},"content":{"rendered":"","protected":false},"excerpt":{"rendered":"<p>AlkoSafe, t\u00fck\u00fcr\u00fc\u011f\u00fcn\u00fczdeki alkol\u00fc 2 dakikada tespit eder. \u0130svi\u00e7re men\u015feli malzemeler ve \u0130ngiliz uzmanl\u0131\u011f\u0131yla tasarlanm\u0131\u015f olup, Avrupa CE standartlar\u0131na uygun olarak T\u00fcrkiye&#8217;de \u00fcretilmi\u015ftir. <\/p>\n","protected":false},"featured_media":1929,"comment_status":"open","ping_status":"closed","template":"","meta":[],"product_brand":[],"product_cat":[53],"product_tag":[],"class_list":{"0":"post-2238","1":"product","2":"type-product","3":"status-publish","4":"has-post-thumbnail","6":"product_cat-uncategorized-tr","8":"first","9":"instock","10":"shipping-taxable","11":"purchasable","12":"product-type-variable"},"_links":{"self":[{"href":"https:\/\/alkosafe.com\/tr\/wp-json\/wp\/v2\/product\/2238","targetHints":{"allow":["GET"]}}],"collection":[{"href":"https:\/\/alkosafe.com\/tr\/wp-json\/wp\/v2\/product"}],"about":[{"href":"https:\/\/alkosafe.com\/tr\/wp-json\/wp\/v2\/types\/product"}],"replies":[{"embeddable":true,"href":"https:\/\/alkosafe.com\/tr\/wp-json\/wp\/v2\/comments?post=2238"}],"version-history":[{"count":0,"href":"https:\/\/alkosafe.com\/tr\/wp-json\/wp\/v2\/product\/2238\/revisions"}],"wp:featuredmedia":[{"embeddable":true,"href":"https:\/\/alkosafe.com\/tr\/wp-json\/wp\/v2\/media\/1929"}],"wp:attachment":[{"href":"https:\/\/alkosafe.com\/tr\/wp-json\/wp\/v2\/media?parent=2238"}],"wp:term":[{"taxonomy":"product_brand","embeddable":true,"href":"https:\/\/alkosafe.com\/tr\/wp-json\/wp\/v2\/product_brand?post=2238"},{"taxonomy":"product_cat","embeddable":true,"href":"https:\/\/alkosafe.com\/tr\/wp-json\/wp\/v2\/product_cat?post=2238"},{"taxonomy":"product_tag","embeddable":true,"href":"https:\/\/alkosafe.com\/tr\/wp-json\/wp\/v2\/product_tag?post=2238"}],"curies":[{"name":"wp","href":"https:\/\/api.w.org\/{rel}","templated":true}]}}