{"id":2138,"date":"2026-05-11T18:09:00","date_gmt":"2026-05-11T18:09:00","guid":{"rendered":"https:\/\/alkosafe.com\/mesafeli-satis-sozlesmesi\/"},"modified":"2026-05-11T18:41:13","modified_gmt":"2026-05-11T18:41:13","slug":"mesafeli-satis-sozlesmesi","status":"publish","type":"page","link":"https:\/\/alkosafe.com\/tr\/mesafeli-satis-sozlesmesi\/","title":{"rendered":"Mesafeli Sati\u015f S\u00f6zle\u015fmesi"},"content":{"rendered":"\t\t<div data-elementor-type=\"wp-page\" data-elementor-id=\"2138\" class=\"elementor elementor-2138 elementor-2102\" data-elementor-post-type=\"page\">\n\t\t\t\t<div class=\"wd-negative-gap elementor-element elementor-element-1a62f11 wd-section-stretch e-flex e-con-boxed e-con e-parent\" data-id=\"1a62f11\" data-element_type=\"container\" data-e-type=\"container\" data-settings=\"{&quot;background_background&quot;:&quot;gradient&quot;}\">\n\t\t\t\t\t<div class=\"e-con-inner\">\n\t\t\t\t<div class=\"elementor-element elementor-element-3c1794a elementor-widget elementor-widget-heading\" data-id=\"3c1794a\" data-element_type=\"widget\" data-e-type=\"widget\" data-widget_type=\"heading.default\">\n\t\t\t\t\t<h1 class=\"elementor-heading-title elementor-size-default\">Mesafeli Sati\u015f S\u00f6zle\u015fmesi<\/h1>\t\t\t\t<\/div>\n\t\t\t\t<div class=\"elementor-element elementor-element-4c3aeab color-scheme-inherit text-left elementor-widget elementor-widget-text-editor\" data-id=\"4c3aeab\" data-element_type=\"widget\" data-e-type=\"widget\" data-widget_type=\"text-editor.default\">\n\t\t\t\t\t\t\t\t\t(B\u0130REYSEL \/ T\u00dcKET\u0130C\u0130)\t\t\t\t\t\t\t\t<\/div>\n\t\t\t\t<div class=\"elementor-element elementor-element-ab1676b elementor-widget__width-initial elementor-widget-tablet__width-inherit color-scheme-inherit text-left elementor-widget elementor-widget-text-editor\" data-id=\"ab1676b\" data-element_type=\"widget\" data-e-type=\"widget\" data-widget_type=\"text-editor.default\">\n\t\t\t\t\t\t\t\t\tDayanak: 6502 say\u0131l\u0131T\u00fcketicininKorunmas\u0131Hakk\u0131nda Kanun veMesafeliS\u00f6zle\u015fmelerY\u00f6netmeli\u011fi (RG: 27.11.2014 \u2013 29188)\t\t\t\t\t\t\t\t<\/div>\n\t\t\t\t<div class=\"elementor-element elementor-element-fe24079 color-scheme-inherit text-left elementor-widget elementor-widget-text-editor\" data-id=\"fe24079\" data-element_type=\"widget\" data-e-type=\"widget\" data-widget_type=\"text-editor.default\">\n\t\t\t\t\t\t\t\t\t<p>Son g\u00fcncelleme: Mart 2026<\/p>\t\t\t\t\t\t\t\t<\/div>\n\t\t\t\t\t<\/div>\n\t\t\t\t<\/div>\n\t\t<div class=\"elementor-element elementor-element-b8dc9f3 wd-section-stretch e-flex e-con-boxed e-con e-parent\" data-id=\"b8dc9f3\" data-element_type=\"container\" data-e-type=\"container\">\n\t\t\t\t\t<div class=\"e-con-inner\">\n\t\t<div class=\"elementor-element elementor-element-cf95597 e-con-full e-flex e-con e-child\" data-id=\"cf95597\" data-element_type=\"container\" data-e-type=\"container\">\n\t\t\t\t<div class=\"elementor-element elementor-element-32deb08 elementor-widget elementor-widget-heading\" data-id=\"32deb08\" data-element_type=\"widget\" data-e-type=\"widget\" data-widget_type=\"heading.default\">\n\t\t\t\t\t<h2 class=\"elementor-heading-title elementor-size-default\">Madde 1 \u2013 Taraflar<\/h2>\t\t\t\t<\/div>\n\t\t\t\t<div class=\"elementor-element elementor-element-24c27fa elementor-widget-divider--view-line elementor-widget elementor-widget-divider\" data-id=\"24c27fa\" data-element_type=\"widget\" data-e-type=\"widget\" data-widget_type=\"divider.default\">\n\t\t\t\t\t\t\t<div class=\"elementor-divider\">\n\t\t\t<span class=\"elementor-divider-separator\">\n\t\t\t\t\t\t<\/span>\n\t\t<\/div>\n\t\t\t\t\t\t<\/div>\n\t\t\t\t<div class=\"elementor-element elementor-element-4c4b0da elementor-widget elementor-widget-heading\" data-id=\"4c4b0da\" data-element_type=\"widget\" data-e-type=\"widget\" data-widget_type=\"heading.default\">\n\t\t\t\t\t<h3 class=\"elementor-heading-title elementor-size-default\">Satici<\/h3>\t\t\t\t<\/div>\n\t\t\t\t<div class=\"elementor-element elementor-element-3a4ff49 color-scheme-inherit text-left elementor-widget elementor-widget-text-editor\" data-id=\"3a4ff49\" data-element_type=\"widget\" data-e-type=\"widget\" data-widget_type=\"text-editor.default\">\n\t\t\t\t\t\t\t\t\t<p>TicariUnvan: EGEFE B\u0130L\u0130\u015e\u0130M SA\u011eLIK SAN VE T\u0130C A.\u015e. (CROM TEST)<br>Adres: Harbiye Mah. H\u00fcrriyet Cad. No:7\/12 \u00c7ankaya \/ Ankara<br>Telefon: <a href=\"tel:+903124825451\">+90 312 482 54 51<\/a><br>Faks: 0 312 480 54 53<br>E-posta: <a href=\"mailto:support@alkosafe.com\">support@alkosafe.com<\/a><br>Web Sitesi: <a href=\"http:\/\/www.alkosafe.com\">www.alkosafe.com<\/a><br>Vergi No: 5590520620<br>Mersis No: 0559052062000001<br><br>  <\/p>\t\t\t\t\t\t\t\t<\/div>\n\t\t\t\t<div class=\"elementor-element elementor-element-3193586 elementor-widget elementor-widget-heading\" data-id=\"3193586\" data-element_type=\"widget\" data-e-type=\"widget\" data-widget_type=\"heading.default\">\n\t\t\t\t\t<h3 class=\"elementor-heading-title elementor-size-default\">Alici<\/h3>\t\t\t\t<\/div>\n\t\t\t\t<div class=\"elementor-element elementor-element-d90aa1b color-scheme-inherit text-left elementor-widget elementor-widget-text-editor\" data-id=\"d90aa1b\" data-element_type=\"widget\" data-e-type=\"widget\" data-widget_type=\"text-editor.default\">\n\t\t\t\t\t\t\t\t\t<p>\u0130\u015fbus\u00f6zle\u015fmede &#8220;Al\u0131c\u0131&#8221; ifadesi, <a href=\"http:\/\/www.alkosafe.com\">www.alkosafe.com<\/a> \u00fczerindensipari\u015fverenger\u00e7ekki\u015fit\u00fcketiciyiifadeetmektedir. Al\u0131c\u0131n\u0131nad\u0131, adresiveileti\u015fimbilgilerisipari\u015fformu\u00fczerindenal\u0131nmaktad\u0131r. <\/p>\t\t\t\t\t\t\t\t<\/div>\n\t\t\t\t<\/div>\n\t\t<div class=\"elementor-element elementor-element-ce8f7f1 e-con-full e-flex e-con e-child\" data-id=\"ce8f7f1\" data-element_type=\"container\" data-e-type=\"container\">\n\t\t\t\t<div class=\"elementor-element elementor-element-23cb7a4 elementor-widget elementor-widget-heading\" data-id=\"23cb7a4\" data-element_type=\"widget\" data-e-type=\"widget\" data-widget_type=\"heading.default\">\n\t\t\t\t\t<h2 class=\"elementor-heading-title elementor-size-default\">Madde 2 \u2013 S\u00f6zle\u015fmenin Konusu Ve Kapsami<\/h2>\t\t\t\t<\/div>\n\t\t\t\t<div class=\"elementor-element elementor-element-9950488 elementor-widget-divider--view-line elementor-widget elementor-widget-divider\" data-id=\"9950488\" data-element_type=\"widget\" data-e-type=\"widget\" data-widget_type=\"divider.default\">\n\t\t\t\t\t\t\t<div class=\"elementor-divider\">\n\t\t\t<span class=\"elementor-divider-separator\">\n\t\t\t\t\t\t<\/span>\n\t\t<\/div>\n\t\t\t\t\t\t<\/div>\n\t\t\t\t<div class=\"elementor-element elementor-element-964587a color-scheme-inherit text-left elementor-widget elementor-widget-text-editor\" data-id=\"964587a\" data-element_type=\"widget\" data-e-type=\"widget\" data-widget_type=\"text-editor.default\">\n\t\t\t\t\t\t\t\t\t<p>\u0130\u015fbus\u00f6zle\u015fme, Sat\u0131c\u0131n\u0131n <a href=\"http:\/\/www.alkosafe.com\">www.alkosafe.com<\/a> internet sitesi\u00fczerindensundu\u011fuuyu\u015fturucutarama test kitleri, alkoltespitstripleriveilgilisarfmalzemelerininAl\u0131c\u0131taraf\u0131ndansat\u0131nal\u0131nmas\u0131naili\u015fkinkar\u015f\u0131l\u0131kl\u0131hakvey\u00fck\u00fcml\u00fcl\u00fcklerid\u00fczenlemektedir.<\/p>\t\t\t\t\t\t\t\t<\/div>\n\t\t\t\t<\/div>\n\t\t<div class=\"elementor-element elementor-element-42034e5 e-con-full e-flex e-con e-child\" data-id=\"42034e5\" data-element_type=\"container\" data-e-type=\"container\">\n\t\t\t\t<div class=\"elementor-element elementor-element-f8cb98c elementor-widget elementor-widget-heading\" data-id=\"f8cb98c\" data-element_type=\"widget\" data-e-type=\"widget\" data-widget_type=\"heading.default\">\n\t\t\t\t\t<h2 class=\"elementor-heading-title elementor-size-default\">Madde 3 \u2013 Fiyatlandirma<\/h2>\t\t\t\t<\/div>\n\t\t\t\t<div class=\"elementor-element elementor-element-16b68ab elementor-widget-divider--view-line elementor-widget elementor-widget-divider\" data-id=\"16b68ab\" data-element_type=\"widget\" data-e-type=\"widget\" data-widget_type=\"divider.default\">\n\t\t\t\t\t\t\t<div class=\"elementor-divider\">\n\t\t\t<span class=\"elementor-divider-separator\">\n\t\t\t\t\t\t<\/span>\n\t\t<\/div>\n\t\t\t\t\t\t<\/div>\n\t\t\t\t<div class=\"elementor-element elementor-element-c8f796d color-scheme-inherit text-left elementor-widget elementor-widget-text-editor\" data-id=\"c8f796d\" data-element_type=\"widget\" data-e-type=\"widget\" data-widget_type=\"text-editor.default\">\n\t\t\t\t\t\t\t\t\t<p>T\u00fcrkiye&#8217;denyap\u0131lansipari\u015flerdet\u00fcmfiyatlar T\u00fcrk Liras\u0131 (TL) cinsindenbelirtilmi\u015folupKatma De\u011fer Vergisi (KDV) dahildir. Kargo bedelivevarsa ek masraflarsipari\u015ftamamlanmadan\u00f6nceayr\u0131cag\u00f6sterilir.<br>Yurt d\u0131\u015f\u0131ndanyap\u0131lansipari\u015flerdefiyatlar ABD Dolar\u0131 (USD) cinsindenbelirtilir. T\u00fcrkiye KDV&#8217;siuygulanmaz. Al\u0131c\u0131n\u0131nbulundu\u011fu\u00fclkedege\u00e7erliolanvergi, g\u00fcmr\u00fckvergisiveithalaty\u00fck\u00fcml\u00fcl\u00fcklerial\u0131c\u0131yaaittir.   <\/p>\t\t\t\t\t\t\t\t<\/div>\n\t\t\t\t<\/div>\n\t\t<div class=\"elementor-element elementor-element-071de8b e-con-full e-flex e-con e-child\" data-id=\"071de8b\" data-element_type=\"container\" data-e-type=\"container\">\n\t\t\t\t<div class=\"elementor-element elementor-element-9ed5d6a elementor-widget elementor-widget-heading\" data-id=\"9ed5d6a\" data-element_type=\"widget\" data-e-type=\"widget\" data-widget_type=\"heading.default\">\n\t\t\t\t\t<h2 class=\"elementor-heading-title elementor-size-default\">Madde 4 \u2013 Sipari\u015f Ve \u00d6deme<\/h2>\t\t\t\t<\/div>\n\t\t\t\t<div class=\"elementor-element elementor-element-8d23cc2 elementor-widget-divider--view-line elementor-widget elementor-widget-divider\" data-id=\"8d23cc2\" data-element_type=\"widget\" data-e-type=\"widget\" data-widget_type=\"divider.default\">\n\t\t\t\t\t\t\t<div class=\"elementor-divider\">\n\t\t\t<span class=\"elementor-divider-separator\">\n\t\t\t\t\t\t<\/span>\n\t\t<\/div>\n\t\t\t\t\t\t<\/div>\n\t\t\t\t<div class=\"elementor-element elementor-element-e28fefe color-scheme-inherit text-left elementor-widget elementor-widget-text-editor\" data-id=\"e28fefe\" data-element_type=\"widget\" data-e-type=\"widget\" data-widget_type=\"text-editor.default\">\n\t\t\t\t\t\t\t\t\t<p>Sipari\u015f, Al\u0131c\u0131n\u0131n\u00fcr\u00fcn\u00fcsepeteekleyerek\u00f6demead\u0131mlar\u0131n\u0131tamamlamas\u0131vesipari\u015fionaylamas\u0131ylakesinle\u015fir. Sat\u0131c\u0131, sipari\u015final\u0131nd\u0131\u011f\u0131nadairotomatikonay e-postas\u0131g\u00f6nderir.<br>Kabul edilen\u00f6demey\u00f6ntemleri: KrediKart\u0131ve Banka Kart\u0131 (Visa, Mastercard, American Express, Troy, UnionPay). T\u00fcm\u00f6demeler 3D Secure g\u00fcvenlikprotokol\u00fcileger\u00e7ekle\u015ftirilir.  <\/p>\t\t\t\t\t\t\t\t<\/div>\n\t\t\t\t<\/div>\n\t\t<div class=\"elementor-element elementor-element-4ed5b66 e-con-full e-flex e-con e-child\" data-id=\"4ed5b66\" data-element_type=\"container\" data-e-type=\"container\">\n\t\t\t\t<div class=\"elementor-element elementor-element-e470cde elementor-widget elementor-widget-heading\" data-id=\"e470cde\" data-element_type=\"widget\" data-e-type=\"widget\" data-widget_type=\"heading.default\">\n\t\t\t\t\t<h2 class=\"elementor-heading-title elementor-size-default\">Madde 5 \u2013 Teslimat<\/h2>\t\t\t\t<\/div>\n\t\t\t\t<div class=\"elementor-element elementor-element-b56f5c3 elementor-widget-divider--view-line elementor-widget elementor-widget-divider\" data-id=\"b56f5c3\" data-element_type=\"widget\" data-e-type=\"widget\" data-widget_type=\"divider.default\">\n\t\t\t\t\t\t\t<div class=\"elementor-divider\">\n\t\t\t<span class=\"elementor-divider-separator\">\n\t\t\t\t\t\t<\/span>\n\t\t<\/div>\n\t\t\t\t\t\t<\/div>\n\t\t\t\t<div class=\"elementor-element elementor-element-aecd153 color-scheme-inherit text-left elementor-widget elementor-widget-text-editor\" data-id=\"aecd153\" data-element_type=\"widget\" data-e-type=\"widget\" data-widget_type=\"text-editor.default\">\n\t\t\t\t\t\t\t\t\t<p>Sipari\u015fonay\u0131n\u0131nard\u0131ndan\u00fcr\u00fcn 3 (\u00fc\u00e7) i\u015fg\u00fcn\u00fci\u00e7indekargoyateslimedilir; yasalazamis\u00fcre 30 (otuz) g\u00fcnd\u00fcr. Teslimat, Al\u0131c\u0131n\u0131nbelirtti\u011fiadreseanla\u015fmal\u0131kargofirmas\u0131arac\u0131l\u0131\u011f\u0131ylager\u00e7ekle\u015ftirilir. Kargo takipnumaras\u0131Al\u0131c\u0131ya e-postailebildirilir.<br>T\u00fcrkiye i\u00e7iteslimatlari\u00e7inkargobedeliSat\u0131c\u0131taraf\u0131ndankar\u015f\u0131lan\u0131r. Yurt d\u0131\u015f\u0131teslimatlar\u0131ndakargobedeliveg\u00fcmr\u00fckvergileriAl\u0131c\u0131yaaittir.   <\/p>\t\t\t\t\t\t\t\t<\/div>\n\t\t\t\t<\/div>\n\t\t<div class=\"elementor-element elementor-element-de0eba5 e-con-full e-flex e-con e-child\" data-id=\"de0eba5\" data-element_type=\"container\" data-e-type=\"container\">\n\t\t\t\t<div class=\"elementor-element elementor-element-acff44b elementor-widget elementor-widget-heading\" data-id=\"acff44b\" data-element_type=\"widget\" data-e-type=\"widget\" data-widget_type=\"heading.default\">\n\t\t\t\t\t<h2 class=\"elementor-heading-title elementor-size-default\">Madde 6 \u2013 Cayma Hakki<\/h2>\t\t\t\t<\/div>\n\t\t\t\t<div class=\"elementor-element elementor-element-8807a77 elementor-widget-divider--view-line elementor-widget elementor-widget-divider\" data-id=\"8807a77\" data-element_type=\"widget\" data-e-type=\"widget\" data-widget_type=\"divider.default\">\n\t\t\t\t\t\t\t<div class=\"elementor-divider\">\n\t\t\t<span class=\"elementor-divider-separator\">\n\t\t\t\t\t\t<\/span>\n\t\t<\/div>\n\t\t\t\t\t\t<\/div>\n\t\t\t\t<div class=\"elementor-element elementor-element-6dfb3c1 color-scheme-inherit text-left elementor-widget elementor-widget-text-editor\" data-id=\"6dfb3c1\" data-element_type=\"widget\" data-e-type=\"widget\" data-widget_type=\"text-editor.default\">\n\t\t\t\t\t\t\t\t\t<p>Al\u0131c\u0131, teslimtarihindenitibaren 14 (on d\u00f6rt) g\u00fcni\u00e7indeherhangibirgerek\u00e7eg\u00f6stermeksizins\u00f6zle\u015fmedencaymahakk\u0131nasahiptir. Caymabildirimi <a href=\"mailto:support@alkosafe.com\">support@alkosafe.com<\/a> adresineyaz\u0131l\u0131olarakiletilir. \u0130adekargobedeliAl\u0131c\u0131yaaittir. Sat\u0131c\u0131, caymabildirimininula\u015fmas\u0131ndanitibaren 14 (on d\u00f6rt) g\u00fcni\u00e7inde\u00f6demeyiiadeeder.<br>Ancaka\u015fa\u011f\u0131dakidurumlardacaymahakk\u0131kullan\u0131lamaz:<br>\u2014 Ambalaj\u0131Al\u0131c\u0131taraf\u0131ndana\u00e7\u0131lm\u0131\u015f\u00fcr\u00fcnler<br>\u2014 Kullan\u0131lm\u0131\u015fveyakontamine hale getirilmi\u015f\u00fcr\u00fcnler   <\/p>\t\t\t\t\t\t\t\t<\/div>\n\t\t\t\t<\/div>\n\t\t<div class=\"elementor-element elementor-element-896e381 e-con-full e-flex e-con e-child\" data-id=\"896e381\" data-element_type=\"container\" data-e-type=\"container\">\n\t\t\t\t<div class=\"elementor-element elementor-element-f880a14 elementor-widget elementor-widget-heading\" data-id=\"f880a14\" data-element_type=\"widget\" data-e-type=\"widget\" data-widget_type=\"heading.default\">\n\t\t\t\t\t<h2 class=\"elementor-heading-title elementor-size-default\">Madde 7 \u2013 Ayipli Mal<\/h2>\t\t\t\t<\/div>\n\t\t\t\t<div class=\"elementor-element elementor-element-44d90c7 elementor-widget-divider--view-line elementor-widget elementor-widget-divider\" data-id=\"44d90c7\" data-element_type=\"widget\" data-e-type=\"widget\" data-widget_type=\"divider.default\">\n\t\t\t\t\t\t\t<div class=\"elementor-divider\">\n\t\t\t<span class=\"elementor-divider-separator\">\n\t\t\t\t\t\t<\/span>\n\t\t<\/div>\n\t\t\t\t\t\t<\/div>\n\t\t\t\t<div class=\"elementor-element elementor-element-2dc7922 color-scheme-inherit text-left elementor-widget elementor-widget-text-editor\" data-id=\"2dc7922\" data-element_type=\"widget\" data-e-type=\"widget\" data-widget_type=\"text-editor.default\">\n\t\t\t\t\t\t\t\t\t<p>\u00dcr\u00fcnler, beyanedilenteknikspesifikasyonlara (duyarl\u0131l\u0131k, \u00f6zg\u00fcll\u00fck) ve son kullanmatarihineuygunolarakteslimedilir. Yanl\u0131\u015f, hasarl\u0131veyateknikspesifikasyonlaraayk\u0131r\u0131\u00fcr\u00fcnteslimihalindeAl\u0131c\u0131, teslimtarihindenitibaren 3 (\u00fc\u00e7) i\u015fg\u00fcn\u00fci\u00e7inde <a href=\"mailto:support@alkosafe.com\">support@alkosafe.com<\/a> adresineyaz\u0131l\u0131bildirimdebulunmal\u0131d\u0131r. Bu durumdaiadekargobedeliSat\u0131c\u0131yaaittirve\u00fcr\u00fcnde\u011fi\u015fimiveya bedel iadesiyap\u0131l\u0131r. Depolamako\u015fullar\u0131navekullan\u0131mtalimatlar\u0131nauyulmamas\u0131ndankaynaklanansorunlarkapsamd\u0131\u015f\u0131ndad\u0131r.   <\/p>\t\t\t\t\t\t\t\t<\/div>\n\t\t\t\t<\/div>\n\t\t<div class=\"elementor-element elementor-element-0a158ff e-con-full e-flex e-con e-child\" data-id=\"0a158ff\" data-element_type=\"container\" data-e-type=\"container\">\n\t\t\t\t<div class=\"elementor-element elementor-element-a8080ea elementor-widget elementor-widget-heading\" data-id=\"a8080ea\" data-element_type=\"widget\" data-e-type=\"widget\" data-widget_type=\"heading.default\">\n\t\t\t\t\t<h2 class=\"elementor-heading-title elementor-size-default\">Madde 8 \u2013 Ki\u015fisel Verilerin Korunmasi<\/h2>\t\t\t\t<\/div>\n\t\t\t\t<div class=\"elementor-element elementor-element-7a031c4 elementor-widget-divider--view-line elementor-widget elementor-widget-divider\" data-id=\"7a031c4\" data-element_type=\"widget\" data-e-type=\"widget\" data-widget_type=\"divider.default\">\n\t\t\t\t\t\t\t<div class=\"elementor-divider\">\n\t\t\t<span class=\"elementor-divider-separator\">\n\t\t\t\t\t\t<\/span>\n\t\t<\/div>\n\t\t\t\t\t\t<\/div>\n\t\t\t\t<div class=\"elementor-element elementor-element-d26f71f color-scheme-inherit text-left elementor-widget elementor-widget-text-editor\" data-id=\"d26f71f\" data-element_type=\"widget\" data-e-type=\"widget\" data-widget_type=\"text-editor.default\">\n\t\t\t\t\t\t\t\t\t<p>Al\u0131c\u0131yaaitki\u015fiselveriler, 6698 say\u0131l\u0131Ki\u015fiselVerilerinKorunmas\u0131 Kanunu kapsam\u0131nda; sipari\u015fs\u00fcrecininy\u00fcr\u00fct\u00fclmesi, teslimatveyasaly\u00fck\u00fcml\u00fcl\u00fcklerinyerinegetirilmesiama\u00e7lar\u0131ylai\u015flenmektedir. Veriler\u00fc\u00e7\u00fcnc\u00fcki\u015filerlepayla\u015f\u0131lmaz; yaln\u0131zcakargofirmas\u0131ve\u00f6demealtyap\u0131s\u0131sa\u011flay\u0131c\u0131s\u0131ilezorunlu\u00f6l\u00e7\u00fcdepayla\u015f\u0131l\u0131r. Ayr\u0131nt\u0131l\u0131bilgii\u00e7in <a href=\"http:\/\/www.alkosafe.com\">www.alkosafe.com<\/a> adresindeki KVKK Ayd\u0131nlatmaMetniincelenebilir.  <\/p>\t\t\t\t\t\t\t\t<\/div>\n\t\t\t\t<\/div>\n\t\t<div class=\"elementor-element elementor-element-7b9ee7d e-con-full e-flex e-con e-child\" data-id=\"7b9ee7d\" data-element_type=\"container\" data-e-type=\"container\">\n\t\t\t\t<div class=\"elementor-element elementor-element-9efdc71 elementor-widget elementor-widget-heading\" data-id=\"9efdc71\" data-element_type=\"widget\" data-e-type=\"widget\" data-widget_type=\"heading.default\">\n\t\t\t\t\t<h2 class=\"elementor-heading-title elementor-size-default\">Madde 9 \u2013 Uyu\u015fmazliklarin \u00c7\u00f6z\u00fcm\u00fc<\/h2>\t\t\t\t<\/div>\n\t\t\t\t<div class=\"elementor-element elementor-element-0468fdc elementor-widget-divider--view-line elementor-widget elementor-widget-divider\" data-id=\"0468fdc\" data-element_type=\"widget\" data-e-type=\"widget\" data-widget_type=\"divider.default\">\n\t\t\t\t\t\t\t<div class=\"elementor-divider\">\n\t\t\t<span class=\"elementor-divider-separator\">\n\t\t\t\t\t\t<\/span>\n\t\t<\/div>\n\t\t\t\t\t\t<\/div>\n\t\t\t\t<div class=\"elementor-element elementor-element-f96ad2a color-scheme-inherit text-left elementor-widget elementor-widget-text-editor\" data-id=\"f96ad2a\" data-element_type=\"widget\" data-e-type=\"widget\" data-widget_type=\"text-editor.default\">\n\t\t\t\t\t\t\t\t\t<p>\u0130\u015fbus\u00f6zle\u015fmedendo\u011fanuyu\u015fmazl\u0131klarda T\u00fcrk Hukukuuygulan\u0131r.Yetkilimahkeme: Ankara T\u00fcketiciMahkemesidir.<\/p>\t\t\t\t\t\t\t\t<\/div>\n\t\t\t\t<\/div>\n\t\t<div class=\"elementor-element elementor-element-2c8dd6e e-con-full e-flex e-con e-child\" data-id=\"2c8dd6e\" data-element_type=\"container\" data-e-type=\"container\">\n\t\t\t\t<div class=\"elementor-element elementor-element-c3aed85 elementor-widget elementor-widget-heading\" data-id=\"c3aed85\" data-element_type=\"widget\" data-e-type=\"widget\" data-widget_type=\"heading.default\">\n\t\t\t\t\t<h2 class=\"elementor-heading-title elementor-size-default\">Madde 10 \u2013 Y\u00fcr\u00fcrl\u00fck<\/h2>\t\t\t\t<\/div>\n\t\t\t\t<div class=\"elementor-element elementor-element-e9281a5 elementor-widget-divider--view-line elementor-widget elementor-widget-divider\" data-id=\"e9281a5\" data-element_type=\"widget\" data-e-type=\"widget\" data-widget_type=\"divider.default\">\n\t\t\t\t\t\t\t<div class=\"elementor-divider\">\n\t\t\t<span class=\"elementor-divider-separator\">\n\t\t\t\t\t\t<\/span>\n\t\t<\/div>\n\t\t\t\t\t\t<\/div>\n\t\t\t\t<div class=\"elementor-element elementor-element-d50e6d2 color-scheme-inherit text-left elementor-widget elementor-widget-text-editor\" data-id=\"d50e6d2\" data-element_type=\"widget\" data-e-type=\"widget\" data-widget_type=\"text-editor.default\">\n\t\t\t\t\t\t\t\t\t<p>\u0130\u015fbus\u00f6zle\u015fme, Al\u0131c\u0131n\u0131n <a href=\"http:\/\/www.alkosafe.com\">www.alkosafe.com<\/a> \u00fczerindesipari\u015fionaylamas\u0131ilekar\u015f\u0131l\u0131kl\u0131olaraky\u00fcr\u00fcrl\u00fc\u011fegirer. Al\u0131c\u0131, sipari\u015f\u00f6ncesindes\u00f6zle\u015fmeyiokudu\u011funuvekabuletti\u011finibeyaneder. <\/p>\t\t\t\t\t\t\t\t<\/div>\n\t\t\t\t<\/div>\n\t\t\t\t\t<\/div>\n\t\t\t\t<\/div>\n\t\t\t\t<\/div>\n\t\t","protected":false},"excerpt":{"rendered":"<p>Mesafeli Sati\u015f S\u00f6zle\u015fmesi (B\u0130REYSEL \/ T\u00dcKET\u0130C\u0130)Dayanak: 6502 say\u0131l\u0131T\u00fcketicininKorunmas\u0131Hakk\u0131nda Kanun veMesafeliS\u00f6zle\u015fmelerY\u00f6netmeli\u011fi (RG: 27.11.2014 \u2013 29188) Son g\u00fcncelleme: Mart 2026 Madde 1<\/p>\n","protected":false},"author":2,"featured_media":0,"parent":0,"menu_order":0,"comment_status":"closed","ping_status":"closed","template":"","meta":{"footnotes":""},"class_list":["post-2138","page","type-page","status-publish","hentry"],"_links":{"self":[{"href":"https:\/\/alkosafe.com\/tr\/wp-json\/wp\/v2\/pages\/2138","targetHints":{"allow":["GET"]}}],"collection":[{"href":"https:\/\/alkosafe.com\/tr\/wp-json\/wp\/v2\/pages"}],"about":[{"href":"https:\/\/alkosafe.com\/tr\/wp-json\/wp\/v2\/types\/page"}],"author":[{"embeddable":true,"href":"https:\/\/alkosafe.com\/tr\/wp-json\/wp\/v2\/users\/2"}],"replies":[{"embeddable":true,"href":"https:\/\/alkosafe.com\/tr\/wp-json\/wp\/v2\/comments?post=2138"}],"version-history":[{"count":2,"href":"https:\/\/alkosafe.com\/tr\/wp-json\/wp\/v2\/pages\/2138\/revisions"}],"predecessor-version":[{"id":2143,"href":"https:\/\/alkosafe.com\/tr\/wp-json\/wp\/v2\/pages\/2138\/revisions\/2143"}],"wp:attachment":[{"href":"https:\/\/alkosafe.com\/tr\/wp-json\/wp\/v2\/media?parent=2138"}],"curies":[{"name":"wp","href":"https:\/\/api.w.org\/{rel}","templated":true}]}}