{"id":1903,"date":"2026-04-04T12:28:49","date_gmt":"2026-04-04T12:28:49","guid":{"rendered":"https:\/\/alkosafe.com\/gonderim-politikasi\/"},"modified":"2026-05-05T13:44:29","modified_gmt":"2026-05-05T13:44:29","slug":"gonderim-politikasi","status":"publish","type":"page","link":"https:\/\/alkosafe.com\/tr\/gonderim-politikasi\/","title":{"rendered":"G\u00f6nderim Politikas\u0131"},"content":{"rendered":"\t\t<div data-elementor-type=\"wp-page\" data-elementor-id=\"1903\" class=\"elementor elementor-1903 elementor-1412\" data-elementor-post-type=\"page\">\n\t\t\t\t<div class=\"wd-negative-gap elementor-element elementor-element-e02623a wd-section-stretch e-flex e-con-boxed e-con e-parent\" data-id=\"e02623a\" data-element_type=\"container\" data-e-type=\"container\" data-settings=\"{&quot;background_background&quot;:&quot;gradient&quot;}\">\n\t\t\t\t\t<div class=\"e-con-inner\">\n\t\t\t\t<div class=\"elementor-element elementor-element-07d8606 elementor-widget elementor-widget-heading\" data-id=\"07d8606\" data-element_type=\"widget\" data-e-type=\"widget\" data-widget_type=\"heading.default\">\n\t\t\t\t\t<h1 class=\"elementor-heading-title elementor-size-default\">G\u00f6nderim Politikas\u0131\n\n<\/h1>\t\t\t\t<\/div>\n\t\t\t\t<div class=\"elementor-element elementor-element-e435d46 color-scheme-inherit text-left elementor-widget elementor-widget-text-editor\" data-id=\"e435d46\" data-element_type=\"widget\" data-e-type=\"widget\" data-widget_type=\"text-editor.default\">\n\t\t\t\t\t\t\t\t\tSon g\u00fcncelleme: Mart 2026\n \t\t\t\t\t\t\t\t<\/div>\n\t\t\t\t\t<\/div>\n\t\t\t\t<\/div>\n\t\t<div class=\"elementor-element elementor-element-aa6b2b5 wd-section-stretch e-flex e-con-boxed e-con e-parent\" data-id=\"aa6b2b5\" data-element_type=\"container\" data-e-type=\"container\">\n\t\t\t\t\t<div class=\"e-con-inner\">\n\t\t<div class=\"elementor-element elementor-element-82f6e70 e-con-full e-flex e-con e-child\" data-id=\"82f6e70\" data-element_type=\"container\" data-e-type=\"container\">\n\t\t\t\t<div class=\"elementor-element elementor-element-29f6aac elementor-widget elementor-widget-heading\" data-id=\"29f6aac\" data-element_type=\"widget\" data-e-type=\"widget\" data-widget_type=\"heading.default\">\n\t\t\t\t\t<h2 class=\"elementor-heading-title elementor-size-default\">1. Yurti\u00e7i G\u00f6nderim \u2014 T\u00fcrkiye\n<\/h2>\t\t\t\t<\/div>\n\t\t\t\t<div class=\"elementor-element elementor-element-30ef575 elementor-widget-divider--view-line elementor-widget elementor-widget-divider\" data-id=\"30ef575\" data-element_type=\"widget\" data-e-type=\"widget\" data-widget_type=\"divider.default\">\n\t\t\t\t\t\t\t<div class=\"elementor-divider\">\n\t\t\t<span class=\"elementor-divider-separator\">\n\t\t\t\t\t\t<\/span>\n\t\t<\/div>\n\t\t\t\t\t\t<\/div>\n\t\t\t\t<div class=\"elementor-element elementor-element-a0a8510 color-scheme-inherit text-left elementor-widget elementor-widget-text-editor\" data-id=\"a0a8510\" data-element_type=\"widget\" data-e-type=\"widget\" data-widget_type=\"text-editor.default\">\n\t\t\t\t\t\t\t\t\t<p>T\u00fcrkiye i\u00e7inde g\u00f6nderilen t\u00fcm sipari\u015fler, her AlkoSafe \u00fcr\u00fcn\u00fcn\u00fcn fiyat\u0131na dahil olan <strong>\u00fccretsiz standart g\u00f6nderimden<\/strong> faydalan\u0131r. Minimum sipari\u015f de\u011feri gerekmez. <\/p><p>Yurti\u00e7i sipari\u015fler genellikle sevk tarihinden itibaren <strong>2 ila 5 i\u015f g\u00fcn\u00fc<\/strong> i\u00e7inde teslim edilir. T\u00fcrkiye genelindeki 81 ilin tamam\u0131na a\u015fa\u011f\u0131daki kargo i\u015f ortaklar\u0131m\u0131z arac\u0131l\u0131\u011f\u0131yla g\u00f6nderim yapmaktay\u0131z: <\/p><ul><li>PTT Kargo<\/li><li>Yurti\u00e7i Kargo<\/li><li>Aras Kargo<\/li><\/ul><p>Sipari\u015finiz sevk edildikten sonra, takip numaran\u0131z\u0131 i\u00e7eren bir onay e-postas\u0131 alacaks\u0131n\u0131z. Bu numaray\u0131 kullanarak g\u00f6nderinizin ilgili kargo firmas\u0131n\u0131n web sitesi \u00fczerinden ilerlemesini takip edebilirsiniz. <\/p>\t\t\t\t\t\t\t\t<\/div>\n\t\t\t\t<\/div>\n\t\t<div class=\"elementor-element elementor-element-1728573 e-con-full e-flex e-con e-child\" data-id=\"1728573\" data-element_type=\"container\" data-e-type=\"container\">\n\t\t\t\t<div class=\"elementor-element elementor-element-dd5e4b2 elementor-widget elementor-widget-heading\" data-id=\"dd5e4b2\" data-element_type=\"widget\" data-e-type=\"widget\" data-widget_type=\"heading.default\">\n\t\t\t\t\t<h2 class=\"elementor-heading-title elementor-size-default\">2. Uluslararas\u0131 G\u00f6nderim\n<\/h2>\t\t\t\t<\/div>\n\t\t\t\t<div class=\"elementor-element elementor-element-153d0e9 elementor-widget-divider--view-line elementor-widget elementor-widget-divider\" data-id=\"153d0e9\" data-element_type=\"widget\" data-e-type=\"widget\" data-widget_type=\"divider.default\">\n\t\t\t\t\t\t\t<div class=\"elementor-divider\">\n\t\t\t<span class=\"elementor-divider-separator\">\n\t\t\t\t\t\t<\/span>\n\t\t<\/div>\n\t\t\t\t\t\t<\/div>\n\t\t\t\t<div class=\"elementor-element elementor-element-83c7673 color-scheme-inherit text-left elementor-widget elementor-widget-text-editor\" data-id=\"83c7673\" data-element_type=\"widget\" data-e-type=\"widget\" data-widget_type=\"text-editor.default\">\n\t\t\t\t\t\t\t\t\tAlkoSafe \u00fcr\u00fcnlerini uluslararas\u0131 olarak belirli b\u00f6lgelere g\u00f6ndermekteyiz. Tahmini teslimat s\u00fcreleri ve g\u00f6nderim \u00fccretleri var\u0131\u015f noktas\u0131na g\u00f6re de\u011fi\u015fiklik g\u00f6sterir: \n\n\t\t\t\t\t\t\t\t<\/div>\n\t\t\t\t<div class=\"elementor-element elementor-element-19baff8 color-scheme-inherit text-left elementor-widget elementor-widget-text-editor\" data-id=\"19baff8\" data-element_type=\"widget\" data-e-type=\"widget\" data-widget_type=\"text-editor.default\">\n\t\t\t\t\t\t\t\t\t<p><strong>\u0130thalat vergileri, har\u00e7lar ve g\u00fcmr\u00fck \u00fccretleri<\/strong> tamamen m\u00fc\u015fterinin sorumlulu\u011fundad\u0131r. Bu \u00fccretler \u00fclkenizin g\u00fcmr\u00fck makamlar\u0131 taraf\u0131ndan belirlenir ve \u00fcr\u00fcn fiyat\u0131na veya g\u00f6nderim \u00fccretine dahil de\u011fildir. Uluslararas\u0131 sipari\u015f vermeden \u00f6nce yerel g\u00fcmr\u00fck ofisinizle ileti\u015fime ge\u00e7menizi \u00f6neririz.  <\/p>\t\t\t\t\t\t\t\t<\/div>\n\t\t\t\t<\/div>\n\t\t<div class=\"elementor-element elementor-element-ca31459 e-con-full e-flex e-con e-child\" data-id=\"ca31459\" data-element_type=\"container\" data-e-type=\"container\">\n\t\t\t\t<div class=\"elementor-element elementor-element-b0052a3 elementor-widget elementor-widget-heading\" data-id=\"b0052a3\" data-element_type=\"widget\" data-e-type=\"widget\" data-widget_type=\"heading.default\">\n\t\t\t\t\t<h2 class=\"elementor-heading-title elementor-size-default\">3. Sipari\u015f \u0130\u015flem S\u00fcresi\n<\/h2>\t\t\t\t<\/div>\n\t\t\t\t<div class=\"elementor-element elementor-element-0d63a27 elementor-widget-divider--view-line elementor-widget elementor-widget-divider\" data-id=\"0d63a27\" data-element_type=\"widget\" data-e-type=\"widget\" data-widget_type=\"divider.default\">\n\t\t\t\t\t\t\t<div class=\"elementor-divider\">\n\t\t\t<span class=\"elementor-divider-separator\">\n\t\t\t\t\t\t<\/span>\n\t\t<\/div>\n\t\t\t\t\t\t<\/div>\n\t\t\t\t<div class=\"elementor-element elementor-element-30bc2fa color-scheme-inherit text-left elementor-widget elementor-widget-text-editor\" data-id=\"30bc2fa\" data-element_type=\"widget\" data-e-type=\"widget\" data-widget_type=\"text-editor.default\">\n\t\t\t\t\t\t\t\t\t<p>Sipari\u015fler, \u00f6deme onay\u0131ndan sonra <strong>1 ila 2 i\u015f g\u00fcn\u00fc<\/strong> i\u00e7inde i\u015fleme al\u0131n\u0131r. Hafta sonlar\u0131 veya resmi tatillerde verilen sipari\u015fler bir sonraki i\u015f g\u00fcn\u00fcnde i\u015fleme al\u0131nacakt\u0131r. <\/p><p>Yo\u011fun d\u00f6nemlerde (promosyon kampanyalar\u0131 veya tatil sezonlar\u0131 gibi), i\u015flem s\u00fcresi 3 i\u015f g\u00fcn\u00fcne kadar uzayabilir. \u00d6nemli bir gecikme bekleniyorsa size e-posta ile bildirimde bulunulacakt\u0131r. <\/p>\t\t\t\t\t\t\t\t<\/div>\n\t\t\t\t<\/div>\n\t\t<div class=\"elementor-element elementor-element-eefb965 e-con-full e-flex e-con e-child\" data-id=\"eefb965\" data-element_type=\"container\" data-e-type=\"container\">\n\t\t\t\t<div class=\"elementor-element elementor-element-3967e0d elementor-widget elementor-widget-heading\" data-id=\"3967e0d\" data-element_type=\"widget\" data-e-type=\"widget\" data-widget_type=\"heading.default\">\n\t\t\t\t\t<h2 class=\"elementor-heading-title elementor-size-default\">4. Sevk Onay\u0131 ve Takip\n<\/h2>\t\t\t\t<\/div>\n\t\t\t\t<div class=\"elementor-element elementor-element-33f7f5d elementor-widget-divider--view-line elementor-widget elementor-widget-divider\" data-id=\"33f7f5d\" data-element_type=\"widget\" data-e-type=\"widget\" data-widget_type=\"divider.default\">\n\t\t\t\t\t\t\t<div class=\"elementor-divider\">\n\t\t\t<span class=\"elementor-divider-separator\">\n\t\t\t\t\t\t<\/span>\n\t\t<\/div>\n\t\t\t\t\t\t<\/div>\n\t\t\t\t<div class=\"elementor-element elementor-element-ee0167e color-scheme-inherit text-left elementor-widget elementor-widget-text-editor\" data-id=\"ee0167e\" data-element_type=\"widget\" data-e-type=\"widget\" data-widget_type=\"text-editor.default\">\n\t\t\t\t\t\t\t\t\t<p>Sipari\u015finiz sevk edildikten sonra, a\u015fa\u011f\u0131daki bilgileri i\u00e7eren bir onay e-postas\u0131 alacaks\u0131n\u0131z:<\/p><ul><li>Sipari\u015f numaran\u0131z<\/li><li>Kargo firmas\u0131 ad\u0131<\/li><li>Kargo firmas\u0131n\u0131n takip sayfas\u0131na ba\u011flant\u0131 i\u00e7eren takip numaras\u0131<\/li><\/ul><p>Takip bilgilerinin kargo firmas\u0131n\u0131n sisteminde aktif hale gelmesi i\u00e7in sevk bildirimini ald\u0131ktan sonra <strong>24 saate kadar<\/strong> bekleyiniz.<\/p>\t\t\t\t\t\t\t\t<\/div>\n\t\t\t\t<\/div>\n\t\t<div class=\"elementor-element elementor-element-fb27ab6 e-con-full e-flex e-con e-child\" data-id=\"fb27ab6\" data-element_type=\"container\" data-e-type=\"container\">\n\t\t\t\t<div class=\"elementor-element elementor-element-d21fafa elementor-widget elementor-widget-heading\" data-id=\"d21fafa\" data-element_type=\"widget\" data-e-type=\"widget\" data-widget_type=\"heading.default\">\n\t\t\t\t\t<h2 class=\"elementor-heading-title elementor-size-default\">5. Teslimat Ko\u015fullar\u0131\n<\/h2>\t\t\t\t<\/div>\n\t\t\t\t<div class=\"elementor-element elementor-element-ca2382d elementor-widget-divider--view-line elementor-widget elementor-widget-divider\" data-id=\"ca2382d\" data-element_type=\"widget\" data-e-type=\"widget\" data-widget_type=\"divider.default\">\n\t\t\t\t\t\t\t<div class=\"elementor-divider\">\n\t\t\t<span class=\"elementor-divider-separator\">\n\t\t\t\t\t\t<\/span>\n\t\t<\/div>\n\t\t\t\t\t\t<\/div>\n\t\t\t\t<div class=\"elementor-element elementor-element-a858819 color-scheme-inherit text-left elementor-widget elementor-widget-text-editor\" data-id=\"a858819\" data-element_type=\"widget\" data-e-type=\"widget\" data-widget_type=\"text-editor.default\">\n\t\t\t\t\t\t\t\t\t<p>Kargo firmas\u0131na ve var\u0131\u015f noktas\u0131na ba\u011fl\u0131 olarak, teslimat s\u0131ras\u0131nda <strong>imza istenebilir<\/strong>. Paketi teslim almak i\u00e7in m\u00fcsait de\u011filseniz, kargo firmas\u0131 genellikle a\u015fa\u011f\u0131dakilerden birini deneyecektir: <\/p><ul><li>Yeniden teslimat veya teslim alma talimatlar\u0131n\u0131 i\u00e7eren bir teslimat notu b\u0131rakmak<\/li><li>Yak\u0131n bir teslim alma noktas\u0131na veya postane \u015fubesine teslim etmek<\/li><li>Bir sonraki i\u015f g\u00fcn\u00fcnde yeniden teslimat denemesi<\/li><\/ul><p>Birden fazla denemeye ra\u011fmen teslim edilemedi\u011fi i\u00e7in bir paket bize iade edilirse, yeniden g\u00f6nderim i\u00e7in <strong>ek g\u00f6nderim \u00fccretleri<\/strong> tahakkuk edecektir. Bu \u00fccretler yeniden g\u00f6nderimden \u00f6nce size bildirilecektir. <\/p>\t\t\t\t\t\t\t\t<\/div>\n\t\t\t\t<\/div>\n\t\t<div class=\"elementor-element elementor-element-cff8d26 e-con-full e-flex e-con e-child\" data-id=\"cff8d26\" data-element_type=\"container\" data-e-type=\"container\">\n\t\t\t\t<div class=\"elementor-element elementor-element-27e1a6e elementor-widget elementor-widget-heading\" data-id=\"27e1a6e\" data-element_type=\"widget\" data-e-type=\"widget\" data-widget_type=\"heading.default\">\n\t\t\t\t\t<h2 class=\"elementor-heading-title elementor-size-default\">6. Yanl\u0131\u015f Teslimat Adresi\n<\/h2>\t\t\t\t<\/div>\n\t\t\t\t<div class=\"elementor-element elementor-element-cd3460e elementor-widget-divider--view-line elementor-widget elementor-widget-divider\" data-id=\"cd3460e\" data-element_type=\"widget\" data-e-type=\"widget\" data-widget_type=\"divider.default\">\n\t\t\t\t\t\t\t<div class=\"elementor-divider\">\n\t\t\t<span class=\"elementor-divider-separator\">\n\t\t\t\t\t\t<\/span>\n\t\t<\/div>\n\t\t\t\t\t\t<\/div>\n\t\t\t\t<div class=\"elementor-element elementor-element-49e40fa color-scheme-inherit text-left elementor-widget elementor-widget-text-editor\" data-id=\"49e40fa\" data-element_type=\"widget\" data-e-type=\"widget\" data-widget_type=\"text-editor.default\">\n\t\t\t\t\t\t\t\t\t<p>L\u00fctfen \u00f6deme s\u0131ras\u0131nda g\u00f6nderim adresinizin do\u011fru girildi\u011finden emin olunuz. Bir sipari\u015f sevk edildikten sonra, <strong>teslimat adresini de\u011fi\u015ftiremeyiz<\/strong>. <\/p><p>AlkoSafe ve CROM TEST, m\u00fc\u015fteri taraf\u0131ndan sa\u011flanan yanl\u0131\u015f, eksik veya g\u00fcncel olmayan adres bilgilerinden kaynaklanan <strong>ba\u015far\u0131s\u0131z teslimatlardan sorumlu de\u011fildir<\/strong>. D\u00fczeltilmi\u015f bir adrese yeniden g\u00f6nderimle ilgili t\u00fcm masraflar m\u00fc\u015fteri taraf\u0131ndan kar\u015f\u0131lanacakt\u0131r. <\/p>\t\t\t\t\t\t\t\t<\/div>\n\t\t\t\t<\/div>\n\t\t<div class=\"elementor-element elementor-element-229d3c6 e-con-full e-flex e-con e-child\" data-id=\"229d3c6\" data-element_type=\"container\" data-e-type=\"container\">\n\t\t\t\t<div class=\"elementor-element elementor-element-87f6c7e elementor-widget elementor-widget-heading\" data-id=\"87f6c7e\" data-element_type=\"widget\" data-e-type=\"widget\" data-widget_type=\"heading.default\">\n\t\t\t\t\t<h2 class=\"elementor-heading-title elementor-size-default\">7. Ta\u015f\u0131ma S\u0131ras\u0131nda Hasar\n<\/h2>\t\t\t\t<\/div>\n\t\t\t\t<div class=\"elementor-element elementor-element-7447da2 elementor-widget-divider--view-line elementor-widget elementor-widget-divider\" data-id=\"7447da2\" data-element_type=\"widget\" data-e-type=\"widget\" data-widget_type=\"divider.default\">\n\t\t\t\t\t\t\t<div class=\"elementor-divider\">\n\t\t\t<span class=\"elementor-divider-separator\">\n\t\t\t\t\t\t<\/span>\n\t\t<\/div>\n\t\t\t\t\t\t<\/div>\n\t\t\t\t<div class=\"elementor-element elementor-element-7c153f1 color-scheme-inherit text-left elementor-widget elementor-widget-text-editor\" data-id=\"7c153f1\" data-element_type=\"widget\" data-e-type=\"widget\" data-widget_type=\"text-editor.default\">\n\t\t\t\t\t\t\t\t\t<p>Sipari\u015finiz ta\u015f\u0131ma s\u0131ras\u0131nda hasarl\u0131 ula\u015f\u0131rsa, l\u00fctfen hemen a\u015fa\u011f\u0131daki ad\u0131mlar\u0131 uygulay\u0131n\u0131z:<\/p><ul><li><strong>Hasar\u0131 foto\u011fraflay\u0131n\u0131z<\/strong> \u2014 hasar\u0131n boyutunu g\u00f6steren ambalaj\u0131n ve \u00fcr\u00fcn\u00fcn net foto\u011fraflar\u0131n\u0131 \u00e7ekiniz.<\/li><li><strong>Ambalaj\u0131 atmay\u0131n\u0131z<\/strong> \u2014 talep s\u00fcreci i\u00e7in gerekli olabilece\u011finden t\u00fcm orijinal ambalaj malzemelerini saklay\u0131n\u0131z.<\/li><li><strong>7 g\u00fcn i\u00e7inde bizimle ileti\u015fime ge\u00e7iniz<\/strong> \u2014 sipari\u015f numaran\u0131z, hasar\u0131n a\u00e7\u0131klamas\u0131 ve foto\u011fraflarla birlikte <span style=\"text-decoration: underline;\"><a href=\"mailto:info@alkosafe.com\">info@alkosafe.com<\/a><\/span> adresine e-posta g\u00f6nderiniz.<\/li><\/ul><p>Talebi de\u011ferlendirecek ve <a href=\"https:\/\/alkosafe.com\/tr\/iade-ve-geri-odeme-politikasi\/\"><span style=\"text-decoration: underline;\">\u0130ade Politikam\u0131z<\/span><\/a> uyar\u0131nca bir de\u011fi\u015fim veya geri \u00f6deme ayarlayaca\u011f\u0131z.<\/p>\t\t\t\t\t\t\t\t<\/div>\n\t\t\t\t<\/div>\n\t\t<div class=\"elementor-element elementor-element-2c331f0 e-con-full e-flex e-con e-child\" data-id=\"2c331f0\" data-element_type=\"container\" data-e-type=\"container\">\n\t\t\t\t<div class=\"elementor-element elementor-element-240367e elementor-widget elementor-widget-heading\" data-id=\"240367e\" data-element_type=\"widget\" data-e-type=\"widget\" data-widget_type=\"heading.default\">\n\t\t\t\t\t<h2 class=\"elementor-heading-title elementor-size-default\">8. \u0130leti\u015fim\n<\/h2>\t\t\t\t<\/div>\n\t\t\t\t<div class=\"elementor-element elementor-element-ea8325e elementor-widget-divider--view-line elementor-widget elementor-widget-divider\" data-id=\"ea8325e\" data-element_type=\"widget\" data-e-type=\"widget\" data-widget_type=\"divider.default\">\n\t\t\t\t\t\t\t<div class=\"elementor-divider\">\n\t\t\t<span class=\"elementor-divider-separator\">\n\t\t\t\t\t\t<\/span>\n\t\t<\/div>\n\t\t\t\t\t\t<\/div>\n\t\t\t\t<div class=\"elementor-element elementor-element-e68591c color-scheme-inherit text-left elementor-widget elementor-widget-text-editor\" data-id=\"e68591c\" data-element_type=\"widget\" data-e-type=\"widget\" data-widget_type=\"text-editor.default\">\n\t\t\t\t\t\t\t\t\t<p>G\u00f6nderim, teslimat veya sipari\u015f takibi hakk\u0131nda herhangi bir sorunuz varsa, l\u00fctfen bizimle ileti\u015fime ge\u00e7iniz:<\/p>\t\t\t\t\t\t\t\t<\/div>\n\t\t<div class=\"elementor-element elementor-element-05dd703 e-con-full e-flex e-con e-child\" data-id=\"05dd703\" data-element_type=\"container\" data-e-type=\"container\" data-settings=\"{&quot;background_background&quot;:&quot;classic&quot;}\">\n\t\t\t\t<div class=\"elementor-element elementor-element-ada2892 color-scheme-inherit text-left elementor-widget elementor-widget-text-editor\" data-id=\"ada2892\" data-element_type=\"widget\" data-e-type=\"widget\" data-widget_type=\"text-editor.default\">\n\t\t\t\t\t\t\t\t\t<p><strong>E-posta:<\/strong> <span style=\"text-decoration: underline;\"><a href=\"mailto:info@alkosafe.com\">info@alkosafe.com<\/a><\/span><br><strong>Yan\u0131t s\u00fcresi:<\/strong> 2 i\u015f g\u00fcn\u00fc i\u00e7inde<\/p>\t\t\t\t\t\t\t\t<\/div>\n\t\t\t\t<\/div>\n\t\t\t\t<\/div>\n\t\t\t\t\t<\/div>\n\t\t\t\t<\/div>\n\t\t\t\t<\/div>\n\t\t","protected":false},"excerpt":{"rendered":"<p>G\u00f6nderim Politikas\u0131 Son g\u00fcncelleme: Mart 2026 1. Yurti\u00e7i G\u00f6nderim \u2014 T\u00fcrkiye T\u00fcrkiye i\u00e7inde g\u00f6nderilen t\u00fcm sipari\u015fler, her AlkoSafe \u00fcr\u00fcn\u00fcn\u00fcn fiyat\u0131na<\/p>\n","protected":false},"author":2,"featured_media":0,"parent":0,"menu_order":0,"comment_status":"closed","ping_status":"closed","template":"","meta":{"footnotes":""},"class_list":["post-1903","page","type-page","status-publish","hentry"],"_links":{"self":[{"href":"https:\/\/alkosafe.com\/tr\/wp-json\/wp\/v2\/pages\/1903","targetHints":{"allow":["GET"]}}],"collection":[{"href":"https:\/\/alkosafe.com\/tr\/wp-json\/wp\/v2\/pages"}],"about":[{"href":"https:\/\/alkosafe.com\/tr\/wp-json\/wp\/v2\/types\/page"}],"author":[{"embeddable":true,"href":"https:\/\/alkosafe.com\/tr\/wp-json\/wp\/v2\/users\/2"}],"replies":[{"embeddable":true,"href":"https:\/\/alkosafe.com\/tr\/wp-json\/wp\/v2\/comments?post=1903"}],"version-history":[{"count":2,"href":"https:\/\/alkosafe.com\/tr\/wp-json\/wp\/v2\/pages\/1903\/revisions"}],"predecessor-version":[{"id":2091,"href":"https:\/\/alkosafe.com\/tr\/wp-json\/wp\/v2\/pages\/1903\/revisions\/2091"}],"wp:attachment":[{"href":"https:\/\/alkosafe.com\/tr\/wp-json\/wp\/v2\/media?parent=1903"}],"curies":[{"name":"wp","href":"https:\/\/api.w.org\/{rel}","templated":true}]}}